{"id":2587,"date":"2025-11-20T12:02:21","date_gmt":"2025-11-20T11:02:21","guid":{"rendered":"https:\/\/filaine-creations.fr\/?post_type=product&#038;p=2587"},"modified":"2025-12-03T11:12:52","modified_gmt":"2025-12-03T10:12:52","slug":"dragons-chinois-bleu-crete-rouge-au-crochet-velours","status":"publish","type":"product","link":"https:\/\/filaine-creations.fr\/?product=dragons-chinois-bleu-crete-rouge-au-crochet-velours","title":{"rendered":"Dragon chinois bleu cr\u00eate rouge au crochet velours"},"content":{"rendered":"<p>Dragon chinois au crochet , cr\u00e9ation originale<\/p>\n<p>Cet article n&rsquo;est pas destin\u00e9 \u00e0 des petits enfants car les yeux sont coll\u00e9s.<\/p>\n<p>&nbsp;<\/p>\n","protected":false},"excerpt":{"rendered":"<p>Dragon chinois au crochet , cr\u00e9ation originale Cet article n&rsquo;est pas destin\u00e9 \u00e0 des petits enfants car les yeux sont coll\u00e9s. &nbsp;<\/p>\n","protected":false},"featured_media":2554,"template":"","meta":{"site-sidebar-layout":"default","site-content-layout":"default","ast-site-content-layout":"default","site-content-style":"default","site-sidebar-style":"default","ast-global-header-display":"","ast-banner-title-visibility":"","ast-main-header-display":"","ast-hfb-above-header-display":"","ast-hfb-below-header-display":"","ast-hfb-mobile-header-display":"","site-post-title":"","ast-breadcrumbs-content":"","ast-featured-img":"","footer-sml-layout":"","ast-disable-related-posts":"","theme-transparent-header-meta":"default","adv-header-id-meta":"","stick-header-meta":"","header-above-stick-meta":"","header-main-stick-meta":"","header-below-stick-meta":"","astra-migrate-meta-layouts":"set","ast-page-background-enabled":"default","ast-page-background-meta":{"desktop":{"background-color":"","background-image":"","background-repeat":"repeat","background-position":"center center","background-size":"auto","background-attachment":"scroll","background-type":"","background-media":"","overlay-type":"","overlay-color":"","overlay-opacity":"","overlay-gradient":""},"tablet":{"background-color":"","background-image":"","background-repeat":"repeat","background-position":"center center","background-size":"auto","background-attachment":"scroll","background-type":"","background-media":"","overlay-type":"","overlay-color":"","overlay-opacity":"","overlay-gradient":""},"mobile":{"background-color":"","background-image":"","background-repeat":"repeat","background-position":"center center","background-size":"auto","background-attachment":"scroll","background-type":"","background-media":"","overlay-type":"","overlay-color":"","overlay-opacity":"","overlay-gradient":""}},"ast-content-background-meta":{"desktop":{"background-color":"var(--ast-global-color-5)","background-image":"","background-repeat":"repeat","background-position":"center center","background-size":"auto","background-attachment":"scroll","background-type":"","background-media":"","overlay-type":"","overlay-color":"","overlay-opacity":"","overlay-gradient":""},"tablet":{"background-color":"var(--ast-global-color-5)","background-image":"","background-repeat":"repeat","background-position":"center center","background-size":"auto","background-attachment":"scroll","background-type":"","background-media":"","overlay-type":"","overlay-color":"","overlay-opacity":"","overlay-gradient":""},"mobile":{"background-color":"var(--ast-global-color-5)","background-image":"","background-repeat":"repeat","background-position":"center center","background-size":"auto","background-attachment":"scroll","background-type":"","background-media":"","overlay-type":"","overlay-color":"","overlay-opacity":"","overlay-gradient":""}}},"product_brand":[],"product_cat":[16,69,66],"product_tag":[],"class_list":{"0":"post-2587","1":"product","2":"type-product","3":"status-publish","4":"has-post-thumbnail","6":"product_cat-creations","7":"product_cat-amigurumis","8":"product_cat-crochet","9":"desktop-align-left","10":"tablet-align-left","11":"mobile-align-left","13":"first","14":"instock","15":"featured","16":"shipping-taxable","17":"purchasable","18":"product-type-simple"},"jetpack_sharing_enabled":true,"_links":{"self":[{"href":"https:\/\/filaine-creations.fr\/index.php?rest_route=\/wp\/v2\/product\/2587","targetHints":{"allow":["GET"]}}],"collection":[{"href":"https:\/\/filaine-creations.fr\/index.php?rest_route=\/wp\/v2\/product"}],"about":[{"href":"https:\/\/filaine-creations.fr\/index.php?rest_route=\/wp\/v2\/types\/product"}],"wp:featuredmedia":[{"embeddable":true,"href":"https:\/\/filaine-creations.fr\/index.php?rest_route=\/wp\/v2\/media\/2554"}],"wp:attachment":[{"href":"https:\/\/filaine-creations.fr\/index.php?rest_route=%2Fwp%2Fv2%2Fmedia&parent=2587"}],"wp:term":[{"taxonomy":"product_brand","embeddable":true,"href":"https:\/\/filaine-creations.fr\/index.php?rest_route=%2Fwp%2Fv2%2Fproduct_brand&post=2587"},{"taxonomy":"product_cat","embeddable":true,"href":"https:\/\/filaine-creations.fr\/index.php?rest_route=%2Fwp%2Fv2%2Fproduct_cat&post=2587"},{"taxonomy":"product_tag","embeddable":true,"href":"https:\/\/filaine-creations.fr\/index.php?rest_route=%2Fwp%2Fv2%2Fproduct_tag&post=2587"}],"curies":[{"name":"wp","href":"https:\/\/api.w.org\/{rel}","templated":true}]}}