{"id":2612,"date":"2025-12-17T10:34:00","date_gmt":"2025-12-17T09:34:00","guid":{"rendered":"https:\/\/filaine-creations.fr\/?post_type=product&#038;p=2612"},"modified":"2026-01-09T10:15:06","modified_gmt":"2026-01-09T09:15:06","slug":"loup-mignon-avec-panier","status":"publish","type":"product","link":"https:\/\/filaine-creations.fr\/?product=loup-mignon-avec-panier","title":{"rendered":"Loup mignon avec panier"},"content":{"rendered":"<p>Loup de 21 cm environ portant un petit panier avec un champignon.<\/p>\n<p>Fabriqu\u00e9 au crochet en laine chenille gris et \u00e9cru<\/p>\n<p>Cet article n&rsquo;est pas destin\u00e9 \u00e0 des petits enfants car les yeux sont coll\u00e9s.<\/p>\n<p>&nbsp;<\/p>\n","protected":false},"excerpt":{"rendered":"<p>Loup mignon<\/p>\n","protected":false},"featured_media":2613,"template":"","meta":{"site-sidebar-layout":"default","site-content-layout":"default","ast-site-content-layout":"default","site-content-style":"default","site-sidebar-style":"default","ast-global-header-display":"","ast-banner-title-visibility":"","ast-main-header-display":"","ast-hfb-above-header-display":"","ast-hfb-below-header-display":"","ast-hfb-mobile-header-display":"","site-post-title":"","ast-breadcrumbs-content":"","ast-featured-img":"","footer-sml-layout":"","ast-disable-related-posts":"","theme-transparent-header-meta":"default","adv-header-id-meta":"","stick-header-meta":"","header-above-stick-meta":"","header-main-stick-meta":"","header-below-stick-meta":"","astra-migrate-meta-layouts":"set","ast-page-background-enabled":"default","ast-page-background-meta":{"desktop":{"background-color":"","background-image":"","background-repeat":"repeat","background-position":"center center","background-size":"auto","background-attachment":"scroll","background-type":"","background-media":"","overlay-type":"","overlay-color":"","overlay-opacity":"","overlay-gradient":""},"tablet":{"background-color":"","background-image":"","background-repeat":"repeat","background-position":"center center","background-size":"auto","background-attachment":"scroll","background-type":"","background-media":"","overlay-type":"","overlay-color":"","overlay-opacity":"","overlay-gradient":""},"mobile":{"background-color":"","background-image":"","background-repeat":"repeat","background-position":"center center","background-size":"auto","background-attachment":"scroll","background-type":"","background-media":"","overlay-type":"","overlay-color":"","overlay-opacity":"","overlay-gradient":""}},"ast-content-background-meta":{"desktop":{"background-color":"var(--ast-global-color-5)","background-image":"","background-repeat":"repeat","background-position":"center center","background-size":"auto","background-attachment":"scroll","background-type":"","background-media":"","overlay-type":"","overlay-color":"","overlay-opacity":"","overlay-gradient":""},"tablet":{"background-color":"var(--ast-global-color-5)","background-image":"","background-repeat":"repeat","background-position":"center center","background-size":"auto","background-attachment":"scroll","background-type":"","background-media":"","overlay-type":"","overlay-color":"","overlay-opacity":"","overlay-gradient":""},"mobile":{"background-color":"var(--ast-global-color-5)","background-image":"","background-repeat":"repeat","background-position":"center center","background-size":"auto","background-attachment":"scroll","background-type":"","background-media":"","overlay-type":"","overlay-color":"","overlay-opacity":"","overlay-gradient":""}}},"product_brand":[],"product_cat":[16,69,66],"product_tag":[],"class_list":{"0":"post-2612","1":"product","2":"type-product","3":"status-publish","4":"has-post-thumbnail","6":"product_cat-creations","7":"product_cat-amigurumis","8":"product_cat-crochet","9":"desktop-align-left","10":"tablet-align-left","11":"mobile-align-left","13":"first","14":"instock","15":"featured","16":"shipping-taxable","17":"purchasable","18":"product-type-simple"},"jetpack_sharing_enabled":true,"_links":{"self":[{"href":"https:\/\/filaine-creations.fr\/index.php?rest_route=\/wp\/v2\/product\/2612","targetHints":{"allow":["GET"]}}],"collection":[{"href":"https:\/\/filaine-creations.fr\/index.php?rest_route=\/wp\/v2\/product"}],"about":[{"href":"https:\/\/filaine-creations.fr\/index.php?rest_route=\/wp\/v2\/types\/product"}],"wp:featuredmedia":[{"embeddable":true,"href":"https:\/\/filaine-creations.fr\/index.php?rest_route=\/wp\/v2\/media\/2613"}],"wp:attachment":[{"href":"https:\/\/filaine-creations.fr\/index.php?rest_route=%2Fwp%2Fv2%2Fmedia&parent=2612"}],"wp:term":[{"taxonomy":"product_brand","embeddable":true,"href":"https:\/\/filaine-creations.fr\/index.php?rest_route=%2Fwp%2Fv2%2Fproduct_brand&post=2612"},{"taxonomy":"product_cat","embeddable":true,"href":"https:\/\/filaine-creations.fr\/index.php?rest_route=%2Fwp%2Fv2%2Fproduct_cat&post=2612"},{"taxonomy":"product_tag","embeddable":true,"href":"https:\/\/filaine-creations.fr\/index.php?rest_route=%2Fwp%2Fv2%2Fproduct_tag&post=2612"}],"curies":[{"name":"wp","href":"https:\/\/api.w.org\/{rel}","templated":true}]}}