{"id":2617,"date":"2026-01-09T10:17:02","date_gmt":"2026-01-09T09:17:02","guid":{"rendered":"https:\/\/filaine-creations.fr\/?post_type=product&#038;p=2617"},"modified":"2026-02-02T15:06:22","modified_gmt":"2026-02-02T14:06:22","slug":"modele-au-crochet-petit-loup-gentil","status":"publish","type":"product","link":"https:\/\/filaine-creations.fr\/?product=modele-au-crochet-petit-loup-gentil","title":{"rendered":"MODELE AU CROCHET PETIT LOUP GENTIL"},"content":{"rendered":"<p>&nbsp;<\/p>\n<p>Petit loup gentil &#8211; niveau confirm\u00e9<\/p>\n<p>Ce mod\u00e8le\u00a0 est destin\u00e9 \u00e0 \u00eatre tricot\u00e9 en laine chenille. Il peut \u00eatre fait avec un crochet 2.5 ou 4 selon la taille de la laine ou le rendu souhait\u00e9.<\/p>\n<p>Il n\u00e9cessite :<\/p>\n<p>Une pelote de gris et une pelote \u00e9cru en laine chenille.<\/p>\n<p>Quelques restes de coton noir et jaune pour les broderies des yeux et de la bouche.<\/p>\n<p>Une truffe et deux yeux de s\u00e9curit\u00e9.<\/p>\n<p>Un peu d&rsquo;ouate pour le rembourrage<\/p>\n<p>&nbsp;<\/p>\n<p>&nbsp;<\/p>\n","protected":false},"excerpt":{"rendered":"<p>&nbsp; Petit loup gentil &#8211; niveau confirm\u00e9 Ce mod\u00e8le\u00a0 est destin\u00e9 \u00e0 \u00eatre tricot\u00e9 en laine chenille. Il peut \u00eatre fait avec un crochet 2.5 ou 4 selon la taille de la laine ou le rendu souhait\u00e9. Il n\u00e9cessite : Une pelote de gris et une pelote \u00e9cru en laine chenille. Quelques restes de coton [&hellip;]<\/p>\n","protected":false},"featured_media":2613,"template":"","meta":{"site-sidebar-layout":"default","site-content-layout":"default","ast-site-content-layout":"default","site-content-style":"default","site-sidebar-style":"default","ast-global-header-display":"","ast-banner-title-visibility":"","ast-main-header-display":"","ast-hfb-above-header-display":"","ast-hfb-below-header-display":"","ast-hfb-mobile-header-display":"","site-post-title":"","ast-breadcrumbs-content":"","ast-featured-img":"","footer-sml-layout":"","ast-disable-related-posts":"","theme-transparent-header-meta":"default","adv-header-id-meta":"","stick-header-meta":"","header-above-stick-meta":"","header-main-stick-meta":"","header-below-stick-meta":"","astra-migrate-meta-layouts":"set","ast-page-background-enabled":"default","ast-page-background-meta":{"desktop":{"background-color":"","background-image":"","background-repeat":"repeat","background-position":"center center","background-size":"auto","background-attachment":"scroll","background-type":"","background-media":"","overlay-type":"","overlay-color":"","overlay-opacity":"","overlay-gradient":""},"tablet":{"background-color":"","background-image":"","background-repeat":"repeat","background-position":"center center","background-size":"auto","background-attachment":"scroll","background-type":"","background-media":"","overlay-type":"","overlay-color":"","overlay-opacity":"","overlay-gradient":""},"mobile":{"background-color":"","background-image":"","background-repeat":"repeat","background-position":"center center","background-size":"auto","background-attachment":"scroll","background-type":"","background-media":"","overlay-type":"","overlay-color":"","overlay-opacity":"","overlay-gradient":""}},"ast-content-background-meta":{"desktop":{"background-color":"var(--ast-global-color-5)","background-image":"","background-repeat":"repeat","background-position":"center center","background-size":"auto","background-attachment":"scroll","background-type":"","background-media":"","overlay-type":"","overlay-color":"","overlay-opacity":"","overlay-gradient":""},"tablet":{"background-color":"var(--ast-global-color-5)","background-image":"","background-repeat":"repeat","background-position":"center center","background-size":"auto","background-attachment":"scroll","background-type":"","background-media":"","overlay-type":"","overlay-color":"","overlay-opacity":"","overlay-gradient":""},"mobile":{"background-color":"var(--ast-global-color-5)","background-image":"","background-repeat":"repeat","background-position":"center center","background-size":"auto","background-attachment":"scroll","background-type":"","background-media":"","overlay-type":"","overlay-color":"","overlay-opacity":"","overlay-gradient":""}}},"product_brand":[],"product_cat":[66,63],"product_tag":[],"class_list":{"0":"post-2617","1":"product","2":"type-product","3":"status-publish","4":"has-post-thumbnail","6":"product_cat-crochet","7":"product_cat-fichier-en-telechargement","8":"desktop-align-left","9":"tablet-align-left","10":"mobile-align-left","12":"first","13":"instock","14":"featured","15":"downloadable","16":"virtual","17":"purchasable","18":"product-type-simple"},"jetpack_sharing_enabled":true,"_links":{"self":[{"href":"https:\/\/filaine-creations.fr\/index.php?rest_route=\/wp\/v2\/product\/2617","targetHints":{"allow":["GET"]}}],"collection":[{"href":"https:\/\/filaine-creations.fr\/index.php?rest_route=\/wp\/v2\/product"}],"about":[{"href":"https:\/\/filaine-creations.fr\/index.php?rest_route=\/wp\/v2\/types\/product"}],"wp:featuredmedia":[{"embeddable":true,"href":"https:\/\/filaine-creations.fr\/index.php?rest_route=\/wp\/v2\/media\/2613"}],"wp:attachment":[{"href":"https:\/\/filaine-creations.fr\/index.php?rest_route=%2Fwp%2Fv2%2Fmedia&parent=2617"}],"wp:term":[{"taxonomy":"product_brand","embeddable":true,"href":"https:\/\/filaine-creations.fr\/index.php?rest_route=%2Fwp%2Fv2%2Fproduct_brand&post=2617"},{"taxonomy":"product_cat","embeddable":true,"href":"https:\/\/filaine-creations.fr\/index.php?rest_route=%2Fwp%2Fv2%2Fproduct_cat&post=2617"},{"taxonomy":"product_tag","embeddable":true,"href":"https:\/\/filaine-creations.fr\/index.php?rest_route=%2Fwp%2Fv2%2Fproduct_tag&post=2617"}],"curies":[{"name":"wp","href":"https:\/\/api.w.org\/{rel}","templated":true}]}}